{"id":91,"date":"2018-06-19T10:44:17","date_gmt":"2018-06-19T10:44:17","guid":{"rendered":"https:\/\/aparttatry.pl\/index.php\/about-us\/"},"modified":"2024-06-27T07:39:06","modified_gmt":"2024-06-27T07:39:06","slug":"about-us","status":"publish","type":"page","link":"https:\/\/aparttatry.pl\/index.php\/about-us\/","title":{"rendered":"O NAS"},"content":{"rendered":"\t\t<div data-elementor-type=\"wp-page\" data-elementor-id=\"91\" class=\"elementor elementor-91\">\n\t\t\t\t\t\t<section class=\"elementor-section elementor-top-section elementor-element elementor-element-7c89838d elementor-section-stretched elementor-section-height-min-height elementor-section-boxed elementor-section-height-default elementor-section-items-middle\" data-id=\"7c89838d\" data-element_type=\"section\" data-e-type=\"section\" data-settings=\"{&quot;stretch_section&quot;:&quot;section-stretched&quot;,&quot;background_background&quot;:&quot;classic&quot;}\">\n\t\t\t\t\t\t\t<div class=\"elementor-background-overlay\"><\/div>\n\t\t\t\t\t\t\t<div class=\"elementor-container elementor-column-gap-default\">\n\t\t\t\t\t<div class=\"aux-parallax-section elementor-column elementor-col-100 elementor-top-column elementor-element elementor-element-51ad86fa aux-appear-watch-animation aux-fade-in-right\" data-id=\"51ad86fa\" data-element_type=\"column\" data-e-type=\"column\">\n\t\t\t<div class=\"elementor-widget-wrap\">\n\t\t\t\t\t\t\t<\/div>\n\t\t<\/div>\n\t\t\t\t\t<\/div>\n\t\t<\/section>\n\t\t\t\t<section class=\"elementor-section elementor-top-section elementor-element elementor-element-ca6cbf elementor-section-content-middle elementor-section-boxed elementor-section-height-default elementor-section-height-default\" data-id=\"ca6cbf\" data-element_type=\"section\" data-e-type=\"section\">\n\t\t\t\t\t\t<div class=\"elementor-container elementor-column-gap-no\">\n\t\t\t\t\t<div class=\"aux-parallax-section elementor-column elementor-col-50 elementor-top-column elementor-element elementor-element-465c88f8\" data-id=\"465c88f8\" data-element_type=\"column\" data-e-type=\"column\">\n\t\t\t<div class=\"elementor-widget-wrap elementor-element-populated\">\n\t\t\t\t\t\t<div class=\"elementor-element elementor-element-bfc184e aux-appear-watch-animation aux-mask-from-left elementor-widget elementor-widget-aux_image\" data-id=\"bfc184e\" data-element_type=\"widget\" data-e-type=\"widget\" data-widget_type=\"aux_image.default\">\n\t\t\t\t<div class=\"elementor-widget-container\">\n\t\t\t\t\t<section class=\"widget-container aux-widget-image aux-alignnone aux-parent-au1394b6f9\">\n    <div class=\"aux-media-hint-frame \">\n        <div class=\"aux-media-image \" >\n        \n            \n\n            \n            <img fetchpriority=\"high\" decoding=\"async\" width=\"1920\" height=\"1279\" src=\"https:\/\/aparttatry.pl\/wp-content\/uploads\/2024\/03\/osada-anatalowka-pokoje-23993-23.jpg\" class=\"aux-attachment aux-featured-image aux-attachment-id-241\" alt=\"osada-anatalowka-pokoje-23993-23\" data-ratio=\"1.5\" data-original-w=\"1920\" \/>            \n                <\/div>\n    <\/div>\n\n<\/section><!-- widget-container -->\t\t\t\t<\/div>\n\t\t\t\t<\/div>\n\t\t\t\t\t<\/div>\n\t\t<\/div>\n\t\t\t\t<div class=\"aux-parallax-section elementor-column elementor-col-50 elementor-top-column elementor-element elementor-element-6982f0bb\" data-id=\"6982f0bb\" data-element_type=\"column\" data-e-type=\"column\">\n\t\t\t<div class=\"elementor-widget-wrap elementor-element-populated\">\n\t\t\t\t\t\t<div class=\"elementor-element elementor-element-635881e9 aux-appear-watch-animation aux-slide-from-bot elementor-widget elementor-widget-aux_modern_heading\" data-id=\"635881e9\" data-element_type=\"widget\" data-e-type=\"widget\" data-widget_type=\"aux_modern_heading.default\">\n\t\t\t\t<div class=\"elementor-widget-container\">\n\t\t\t\t\t<section class=\"aux-widget-modern-heading\">\n            <div class=\"aux-widget-inner\"><h5 class=\"aux-modern-heading-primary\">O nas<\/h5><h3 class=\"aux-modern-heading-secondary\"><span class=\"aux-head-highlight\">Odkryj urok Zakopanego<\/span><\/h3><div class=\"aux-modern-heading-description\"><p>Nasza kolekcja apartament\u00f3w w Zakopanem to idealne miejsce dla tych, kt\u00f3rzy szukaj\u0105 komfortu, wygody i niezapomnianych widok\u00f3w. Nasze apartamenty s\u0105 starannie zaprojektowane, aby zapewni\u0107 Ci najwy\u017cszy poziom relaksu i wygody. Wyposa\u017cone w najnowocze\u015bniejsze udogodnienia, zapewniaj\u0105 przytulne wn\u0119trza, kt\u00f3re stworz\u0105 atmosfer\u0119 domu z dala od domu. Z balkon\u00f3w i taras\u00f3w rozpo\u015bcieraj\u0105 si\u0119 niesamowite widoki na malownicze otoczenie g\u00f3rskie, kt\u00f3re zapiera dech w piersiach o ka\u017cdej porze roku. Nasz personel zawsze dba o Tw\u00f3j komfort, zapewniaj\u0105c kompleksow\u0105 obs\u0142ug\u0119 oraz s\u0142u\u017c\u0105c pomoc\u0105 w ka\u017cdej sprawie. Odkryj wyj\u0105tkow\u0105 przygod\u0119 w sercu Tatr z nami!<\/p><\/div><\/div>\n        <\/section>\t\t\t\t<\/div>\n\t\t\t\t<\/div>\n\t\t\t\t<div class=\"elementor-element elementor-element-49a2eebd aux-appear-watch-animation aux-mask-from-left elementor-widget elementor-widget-aux_image\" data-id=\"49a2eebd\" data-element_type=\"widget\" data-e-type=\"widget\" data-widget_type=\"aux_image.default\">\n\t\t\t\t<div class=\"elementor-widget-container\">\n\t\t\t\t\t<section class=\"widget-container aux-widget-image aux-alignnone aux-parent-au1e38523d\">\n    <div class=\"aux-media-hint-frame \">\n        <div class=\"aux-media-image \" >\n        \n            \n\n            \n            <img decoding=\"async\" width=\"404\" height=\"145\" src=\"https:\/\/aparttatry.pl\/wp-content\/uploads\/2024\/03\/podpis-aparttatry.png\" class=\"aux-attachment aux-featured-image aux-attachment-id-242\" alt=\"podpis aparttatry\" data-ratio=\"2.79\" data-original-w=\"404\" \/>            \n                <\/div>\n    <\/div>\n\n<\/section><!-- widget-container -->\t\t\t\t<\/div>\n\t\t\t\t<\/div>\n\t\t\t\t\t<\/div>\n\t\t<\/div>\n\t\t\t\t\t<\/div>\n\t\t<\/section>\n\t\t\t\t<section class=\"elementor-section elementor-top-section elementor-element elementor-element-7f2d1fce elementor-section-boxed elementor-section-height-default elementor-section-height-default\" data-id=\"7f2d1fce\" data-element_type=\"section\" data-e-type=\"section\">\n\t\t\t\t\t\t<div class=\"elementor-container elementor-column-gap-no\">\n\t\t\t\t\t<div class=\"aux-parallax-section elementor-column elementor-col-100 elementor-top-column elementor-element elementor-element-2e26cecf aux-appear-watch-animation aux-mask-from-top\" data-id=\"2e26cecf\" data-element_type=\"column\" data-e-type=\"column\" data-settings=\"{&quot;background_background&quot;:&quot;classic&quot;}\">\n\t\t\t<div class=\"elementor-widget-wrap elementor-element-populated\">\n\t\t\t\t\t\t<div class=\"elementor-element elementor-element-74e8dcfb aux-appear-watch-animation aux-fade-in-up-1 elementor-widget elementor-widget-aux_modern_heading\" data-id=\"74e8dcfb\" data-element_type=\"widget\" data-e-type=\"widget\" data-widget_type=\"aux_modern_heading.default\">\n\t\t\t\t<div class=\"elementor-widget-container\">\n\t\t\t\t\t<section class=\"aux-widget-modern-heading\">\n            <div class=\"aux-widget-inner\"><h2 class=\"aux-modern-heading-primary\">Czekamy na kontakt <\/h2><div class=\"aux-modern-heading-description\"><p>Je\u015bli masz jakie\u015b pytania. Chcesz dokona\u0107 rezerwacji, nawi\u0105za\u0107 wsp\u00f3\u0142prac\u0119 odezwij si\u0119 do nas !\u00a0<\/p><\/div><\/div>\n        <\/section>\t\t\t\t<\/div>\n\t\t\t\t<\/div>\n\t\t\t\t<div class=\"elementor-element elementor-element-38cfacf2 aux-appear-watch-animation aux-fade-in-down elementor-widget elementor-widget-aux_modern_button\" data-id=\"38cfacf2\" data-element_type=\"widget\" data-e-type=\"widget\" data-widget_type=\"aux_modern_button.default\">\n\t\t\t\t<div class=\"elementor-widget-container\">\n\t\t\t\t\t    <div class=\"aux-modern-button-wrapper aux-modern-button-align-center\" >\n                    <a class=\"aux-modern-button aux-black aux-modern-button-md aux-modern-button-normal aux-modern-button-default aux-icon-\" href=\"https:\/\/aparttatry.pl\/index.php\/contact-us\/\">\n                <div class=\"aux-overlay\"><\/div>\n                                    <div class=\"aux-icon \">\n                                            <\/div>\n                                <div class=\"aux-text\">\n<span class=\"aux-text-before\">Kontakt<\/span>                <\/div>\n            <\/a>\n            \n    <\/div>\n\n    \t\t\t\t<\/div>\n\t\t\t\t<\/div>\n\t\t\t\t\t<\/div>\n\t\t<\/div>\n\t\t\t\t\t<\/div>\n\t\t<\/section>\n\t\t\t\t<\/div>\n\t\t","protected":false},"excerpt":{"rendered":"<p>O nas Odkryj urok Zakopanego Nasza kolekcja apartament\u00f3w w Zakopanem to idealne miejsce dla tych, kt\u00f3rzy szukaj\u0105 komfortu, wygody i niezapomnianych widok\u00f3w. Nasze apartamenty s\u0105 starannie zaprojektowane, aby zapewni\u0107 Ci najwy\u017cszy poziom relaksu i wygody. Wyposa\u017cone w najnowocze\u015bniejsze udogodnienia, zapewniaj\u0105 przytulne wn\u0119trza, kt\u00f3re stworz\u0105 atmosfer\u0119 domu z dala od domu. Z balkon\u00f3w i taras\u00f3w rozpo\u015bcieraj\u0105 [&hellip;]<\/p>\n","protected":false},"author":1,"featured_media":0,"parent":0,"menu_order":0,"comment_status":"closed","ping_status":"closed","template":"templates\/page-builder-content.php","meta":{"footnotes":""},"class_list":["post-91","page","type-page","status-publish","hentry"],"aioseo_notices":[],"_links":{"self":[{"href":"https:\/\/aparttatry.pl\/index.php\/wp-json\/wp\/v2\/pages\/91","targetHints":{"allow":["GET"]}}],"collection":[{"href":"https:\/\/aparttatry.pl\/index.php\/wp-json\/wp\/v2\/pages"}],"about":[{"href":"https:\/\/aparttatry.pl\/index.php\/wp-json\/wp\/v2\/types\/page"}],"author":[{"embeddable":true,"href":"https:\/\/aparttatry.pl\/index.php\/wp-json\/wp\/v2\/users\/1"}],"replies":[{"embeddable":true,"href":"https:\/\/aparttatry.pl\/index.php\/wp-json\/wp\/v2\/comments?post=91"}],"version-history":[{"count":16,"href":"https:\/\/aparttatry.pl\/index.php\/wp-json\/wp\/v2\/pages\/91\/revisions"}],"predecessor-version":[{"id":932,"href":"https:\/\/aparttatry.pl\/index.php\/wp-json\/wp\/v2\/pages\/91\/revisions\/932"}],"wp:attachment":[{"href":"https:\/\/aparttatry.pl\/index.php\/wp-json\/wp\/v2\/media?parent=91"}],"curies":[{"name":"wp","href":"https:\/\/api.w.org\/{rel}","templated":true}]}}