{"id":664,"date":"2024-03-11T20:46:43","date_gmt":"2024-03-11T20:46:43","guid":{"rendered":"https:\/\/aparttatry.pl\/?page_id=664"},"modified":"2024-04-09T09:44:54","modified_gmt":"2024-04-09T09:44:54","slug":"zawrat","status":"publish","type":"page","link":"https:\/\/aparttatry.pl\/index.php\/zawrat\/","title":{"rendered":"Zawrat"},"content":{"rendered":"\t\t<div data-elementor-type=\"wp-post\" data-elementor-id=\"664\" class=\"elementor elementor-664\">\n\t\t\t\t\t\t<section class=\"elementor-section elementor-top-section elementor-element elementor-element-5eec1d2d elementor-section-stretched elementor-section-height-min-height elementor-section-boxed elementor-section-height-default elementor-section-items-middle\" data-id=\"5eec1d2d\" data-element_type=\"section\" data-e-type=\"section\" data-settings=\"{&quot;stretch_section&quot;:&quot;section-stretched&quot;,&quot;background_background&quot;:&quot;classic&quot;}\">\n\t\t\t\t\t\t\t<div class=\"elementor-background-overlay\"><\/div>\n\t\t\t\t\t\t\t<div class=\"elementor-container elementor-column-gap-default\">\n\t\t\t\t\t<div class=\"aux-parallax-section elementor-column elementor-col-100 elementor-top-column elementor-element elementor-element-110bef85 aux-appear-watch-animation aux-fade-in-right\" data-id=\"110bef85\" data-element_type=\"column\" data-e-type=\"column\">\n\t\t\t<div class=\"elementor-widget-wrap\">\n\t\t\t\t\t\t\t<\/div>\n\t\t<\/div>\n\t\t\t\t\t<\/div>\n\t\t<\/section>\n\t\t\t\t<section class=\"elementor-section elementor-top-section elementor-element elementor-element-0fc2923 elementor-section-boxed elementor-section-height-default elementor-section-height-default\" data-id=\"0fc2923\" data-element_type=\"section\" data-e-type=\"section\">\n\t\t\t\t\t\t<div class=\"elementor-container elementor-column-gap-default\">\n\t\t\t\t\t<div class=\"aux-parallax-section elementor-column elementor-col-100 elementor-top-column elementor-element elementor-element-721d6a3\" data-id=\"721d6a3\" data-element_type=\"column\" data-e-type=\"column\">\n\t\t\t<div class=\"elementor-widget-wrap elementor-element-populated\">\n\t\t\t\t\t\t<div class=\"elementor-element elementor-element-881145a elementor-widget elementor-widget-heading\" data-id=\"881145a\" data-element_type=\"widget\" data-e-type=\"widget\" data-widget_type=\"heading.default\">\n\t\t\t\t<div class=\"elementor-widget-container\">\n\t\t\t\t\t<h2 class=\"elementor-heading-title elementor-size-default\">Apartament Zawrat <\/h2>\t\t\t\t<\/div>\n\t\t\t\t<\/div>\n\t\t\t\t\t<\/div>\n\t\t<\/div>\n\t\t\t\t\t<\/div>\n\t\t<\/section>\n\t\t\t\t<section class=\"elementor-section elementor-top-section elementor-element elementor-element-24dc2c0 elementor-section-boxed elementor-section-height-default elementor-section-height-default\" data-id=\"24dc2c0\" data-element_type=\"section\" data-e-type=\"section\">\n\t\t\t\t\t\t<div class=\"elementor-container elementor-column-gap-default\">\n\t\t\t\t\t<div class=\"aux-parallax-section elementor-column elementor-col-100 elementor-top-column elementor-element elementor-element-8445407\" data-id=\"8445407\" data-element_type=\"column\" data-e-type=\"column\">\n\t\t\t<div class=\"elementor-widget-wrap elementor-element-populated\">\n\t\t\t\t\t\t<div class=\"elementor-element elementor-element-d2301ac elementor-widget elementor-widget-aux-gallery\" data-id=\"d2301ac\" data-element_type=\"widget\" data-e-type=\"widget\" data-widget_type=\"aux-gallery.default\">\n\t\t\t\t<div class=\"elementor-widget-container\">\n\t\t\t\t\t<section class=\"widget-container aux-widget-gallery aux-parent-aueba7ba68\"><div id='aux-gallery-1' class='aux-gallery galleryid-664 gallery-columns-3 aux-lightbox-gallery'><div class=\"aux-gallery-container aux-isotope-animated aux-row aux-de-col3 aux-tb-col2 aux-mb-col1 elementor-clickable aux-no-gutter aux-layout-masonry\"  data-pagination=\"false\" data-lazyload=\"false\" data-perpage=\"24\" data-layout=\"masonry\" data-space=\"10\" >    <figure class=\"gallery-item aux-hover-active aux-iso-item aux-col \">\n            <div class=\"aux-frame-mask-plain aux-frame-ratio \">\n                <a href=\"https:\/\/aparttatry.pl\/wp-content\/uploads\/2024\/03\/zawrat-26a_6-1.jpg\" class=\"aux-frame-ratio-inner aux-frame-darken aux-lightbox-btn \" data-elementor-open-lightbox=\"no\" data-original-width=\"1920\" data-original-height=\"1279\" data-caption=\"zawrat 26a_6 (1)\">\n                                <div class=\"aux-hover-scale-circle-plus2\">\n                        <span class=\"aux-symbol-plus\"><\/span>\n                        <span class=\"aux-symbol-circle\"><\/span>\n                    <\/div>\n                        <img fetchpriority=\"high\" decoding=\"async\" width=\"300\" height=\"300\" src=\"https:\/\/aparttatry.pl\/wp-content\/uploads\/2024\/03\/zawrat-26a_6-1-300x300.jpg\" class=\"aux-attachment aux-featured-image attachment-300x300 aux-attachment-id-505 \" alt=\"zawrat 26a_6 (1)\" srcset=\"https:\/\/aparttatry.pl\/wp-content\/uploads\/2024\/03\/zawrat-26a_6-1-150x150.jpg 150w,https:\/\/aparttatry.pl\/wp-content\/uploads\/2024\/03\/zawrat-26a_6-1-300x300.jpg 300w,https:\/\/aparttatry.pl\/wp-content\/uploads\/2024\/03\/zawrat-26a_6-1-768x768.jpg 768w,https:\/\/aparttatry.pl\/wp-content\/uploads\/2024\/03\/zawrat-26a_6-1-1024x1024.jpg 1024w,https:\/\/aparttatry.pl\/wp-content\/uploads\/2024\/03\/zawrat-26a_6-1-300x300.jpg 300w,https:\/\/aparttatry.pl\/wp-content\/uploads\/2024\/03\/zawrat-26a_6-1-1910x1910.jpg 1910w\" data-ratio=\"1\" data-original-w=\"1920\" sizes=\"(max-width:767px) 100vw,(min-width:768px) and (max-width:1025px) 50vw,647px\" \/>                <\/a>\n            <\/div>\n                <\/figure>\n    <figure class=\"gallery-item aux-hover-active aux-iso-item aux-col \">\n            <div class=\"aux-frame-mask-plain aux-frame-ratio \">\n                <a href=\"https:\/\/aparttatry.pl\/wp-content\/uploads\/2024\/03\/zawrat-26a_6-4.jpg\" class=\"aux-frame-ratio-inner aux-frame-darken aux-lightbox-btn \" data-elementor-open-lightbox=\"no\" data-original-width=\"1920\" data-original-height=\"1279\" data-caption=\"zawrat 26a_6 (4)\">\n                                <div class=\"aux-hover-scale-circle-plus2\">\n                        <span class=\"aux-symbol-plus\"><\/span>\n                        <span class=\"aux-symbol-circle\"><\/span>\n                    <\/div>\n                        <img decoding=\"async\" width=\"300\" height=\"300\" src=\"https:\/\/aparttatry.pl\/wp-content\/uploads\/2024\/03\/zawrat-26a_6-4-300x300.jpg\" class=\"aux-attachment aux-featured-image attachment-300x300 aux-attachment-id-508 \" alt=\"zawrat 26a_6 (4)\" srcset=\"https:\/\/aparttatry.pl\/wp-content\/uploads\/2024\/03\/zawrat-26a_6-4-150x150.jpg 150w,https:\/\/aparttatry.pl\/wp-content\/uploads\/2024\/03\/zawrat-26a_6-4-300x300.jpg 300w,https:\/\/aparttatry.pl\/wp-content\/uploads\/2024\/03\/zawrat-26a_6-4-768x768.jpg 768w,https:\/\/aparttatry.pl\/wp-content\/uploads\/2024\/03\/zawrat-26a_6-4-1024x1024.jpg 1024w,https:\/\/aparttatry.pl\/wp-content\/uploads\/2024\/03\/zawrat-26a_6-4-300x300.jpg 300w,https:\/\/aparttatry.pl\/wp-content\/uploads\/2024\/03\/zawrat-26a_6-4-1910x1910.jpg 1910w\" data-ratio=\"1\" data-original-w=\"1920\" sizes=\"(max-width:767px) 100vw,(min-width:768px) and (max-width:1025px) 50vw,647px\" \/>                <\/a>\n            <\/div>\n                <\/figure>\n    <figure class=\"gallery-item aux-hover-active aux-iso-item aux-col \">\n            <div class=\"aux-frame-mask-plain aux-frame-ratio \">\n                <a href=\"https:\/\/aparttatry.pl\/wp-content\/uploads\/2024\/03\/zawrat-26a_6-9.jpg\" class=\"aux-frame-ratio-inner aux-frame-darken aux-lightbox-btn \" data-elementor-open-lightbox=\"no\" data-original-width=\"1920\" data-original-height=\"1279\" data-caption=\"zawrat 26a_6 (9)\">\n                                <div class=\"aux-hover-scale-circle-plus2\">\n                        <span class=\"aux-symbol-plus\"><\/span>\n                        <span class=\"aux-symbol-circle\"><\/span>\n                    <\/div>\n                        <img decoding=\"async\" width=\"300\" height=\"300\" src=\"https:\/\/aparttatry.pl\/wp-content\/uploads\/2024\/03\/zawrat-26a_6-9-300x300.jpg\" class=\"aux-attachment aux-featured-image attachment-300x300 aux-attachment-id-513 \" alt=\"zawrat 26a_6 (9)\" srcset=\"https:\/\/aparttatry.pl\/wp-content\/uploads\/2024\/03\/zawrat-26a_6-9-150x150.jpg 150w,https:\/\/aparttatry.pl\/wp-content\/uploads\/2024\/03\/zawrat-26a_6-9-300x300.jpg 300w,https:\/\/aparttatry.pl\/wp-content\/uploads\/2024\/03\/zawrat-26a_6-9-768x768.jpg 768w,https:\/\/aparttatry.pl\/wp-content\/uploads\/2024\/03\/zawrat-26a_6-9-1024x1024.jpg 1024w,https:\/\/aparttatry.pl\/wp-content\/uploads\/2024\/03\/zawrat-26a_6-9-300x300.jpg 300w,https:\/\/aparttatry.pl\/wp-content\/uploads\/2024\/03\/zawrat-26a_6-9-1910x1910.jpg 1910w\" data-ratio=\"1\" data-original-w=\"1920\" sizes=\"(max-width:767px) 100vw,(min-width:768px) and (max-width:1025px) 50vw,647px\" \/>                <\/a>\n            <\/div>\n                <\/figure>\n    <figure class=\"gallery-item aux-hover-active aux-iso-item aux-col \">\n            <div class=\"aux-frame-mask-plain aux-frame-ratio \">\n                <a href=\"https:\/\/aparttatry.pl\/wp-content\/uploads\/2024\/03\/zawrat-26a_6-20.jpg\" class=\"aux-frame-ratio-inner aux-frame-darken aux-lightbox-btn \" data-elementor-open-lightbox=\"no\" data-original-width=\"1920\" data-original-height=\"1279\" data-caption=\"zawrat 26a_6 (20)\">\n                                <div class=\"aux-hover-scale-circle-plus2\">\n                        <span class=\"aux-symbol-plus\"><\/span>\n                        <span class=\"aux-symbol-circle\"><\/span>\n                    <\/div>\n                        <img loading=\"lazy\" decoding=\"async\" width=\"300\" height=\"300\" src=\"https:\/\/aparttatry.pl\/wp-content\/uploads\/2024\/03\/zawrat-26a_6-20-300x300.jpg\" class=\"aux-attachment aux-featured-image attachment-300x300 aux-attachment-id-524 \" alt=\"zawrat 26a_6 (20)\" srcset=\"https:\/\/aparttatry.pl\/wp-content\/uploads\/2024\/03\/zawrat-26a_6-20-150x150.jpg 150w,https:\/\/aparttatry.pl\/wp-content\/uploads\/2024\/03\/zawrat-26a_6-20-300x300.jpg 300w,https:\/\/aparttatry.pl\/wp-content\/uploads\/2024\/03\/zawrat-26a_6-20-768x768.jpg 768w,https:\/\/aparttatry.pl\/wp-content\/uploads\/2024\/03\/zawrat-26a_6-20-1024x1024.jpg 1024w,https:\/\/aparttatry.pl\/wp-content\/uploads\/2024\/03\/zawrat-26a_6-20-300x300.jpg 300w,https:\/\/aparttatry.pl\/wp-content\/uploads\/2024\/03\/zawrat-26a_6-20-1910x1910.jpg 1910w\" data-ratio=\"1\" data-original-w=\"1920\" sizes=\"(max-width:767px) 100vw,(min-width:768px) and (max-width:1025px) 50vw,647px\" \/>                <\/a>\n            <\/div>\n                <\/figure>\n    <figure class=\"gallery-item aux-hover-active aux-iso-item aux-col \">\n            <div class=\"aux-frame-mask-plain aux-frame-ratio \">\n                <a href=\"https:\/\/aparttatry.pl\/wp-content\/uploads\/2024\/03\/zawrat-26a_6-19.jpg\" class=\"aux-frame-ratio-inner aux-frame-darken aux-lightbox-btn \" data-elementor-open-lightbox=\"no\" data-original-width=\"1920\" data-original-height=\"1279\" data-caption=\"zawrat 26a_6 (19)\">\n                                <div class=\"aux-hover-scale-circle-plus2\">\n                        <span class=\"aux-symbol-plus\"><\/span>\n                        <span class=\"aux-symbol-circle\"><\/span>\n                    <\/div>\n                        <img loading=\"lazy\" decoding=\"async\" width=\"300\" height=\"300\" src=\"https:\/\/aparttatry.pl\/wp-content\/uploads\/2024\/03\/zawrat-26a_6-19-300x300.jpg\" class=\"aux-attachment aux-featured-image attachment-300x300 aux-attachment-id-523 \" alt=\"zawrat 26a_6 (19)\" srcset=\"https:\/\/aparttatry.pl\/wp-content\/uploads\/2024\/03\/zawrat-26a_6-19-150x150.jpg 150w,https:\/\/aparttatry.pl\/wp-content\/uploads\/2024\/03\/zawrat-26a_6-19-300x300.jpg 300w,https:\/\/aparttatry.pl\/wp-content\/uploads\/2024\/03\/zawrat-26a_6-19-768x768.jpg 768w,https:\/\/aparttatry.pl\/wp-content\/uploads\/2024\/03\/zawrat-26a_6-19-1024x1024.jpg 1024w,https:\/\/aparttatry.pl\/wp-content\/uploads\/2024\/03\/zawrat-26a_6-19-300x300.jpg 300w,https:\/\/aparttatry.pl\/wp-content\/uploads\/2024\/03\/zawrat-26a_6-19-1910x1910.jpg 1910w\" data-ratio=\"1\" data-original-w=\"1920\" sizes=\"(max-width:767px) 100vw,(min-width:768px) and (max-width:1025px) 50vw,647px\" \/>                <\/a>\n            <\/div>\n                <\/figure>\n    <figure class=\"gallery-item aux-hover-active aux-iso-item aux-col \">\n            <div class=\"aux-frame-mask-plain aux-frame-ratio \">\n                <a href=\"https:\/\/aparttatry.pl\/wp-content\/uploads\/2024\/03\/zawrat-26a_6-18.jpg\" class=\"aux-frame-ratio-inner aux-frame-darken aux-lightbox-btn \" data-elementor-open-lightbox=\"no\" data-original-width=\"1920\" data-original-height=\"1279\" data-caption=\"zawrat 26a_6 (18)\">\n                                <div class=\"aux-hover-scale-circle-plus2\">\n                        <span class=\"aux-symbol-plus\"><\/span>\n                        <span class=\"aux-symbol-circle\"><\/span>\n                    <\/div>\n                        <img loading=\"lazy\" decoding=\"async\" width=\"300\" height=\"300\" src=\"https:\/\/aparttatry.pl\/wp-content\/uploads\/2024\/03\/zawrat-26a_6-18-300x300.jpg\" class=\"aux-attachment aux-featured-image attachment-300x300 aux-attachment-id-522 \" alt=\"zawrat 26a_6 (18)\" srcset=\"https:\/\/aparttatry.pl\/wp-content\/uploads\/2024\/03\/zawrat-26a_6-18-150x150.jpg 150w,https:\/\/aparttatry.pl\/wp-content\/uploads\/2024\/03\/zawrat-26a_6-18-300x300.jpg 300w,https:\/\/aparttatry.pl\/wp-content\/uploads\/2024\/03\/zawrat-26a_6-18-768x768.jpg 768w,https:\/\/aparttatry.pl\/wp-content\/uploads\/2024\/03\/zawrat-26a_6-18-1024x1024.jpg 1024w,https:\/\/aparttatry.pl\/wp-content\/uploads\/2024\/03\/zawrat-26a_6-18-300x300.jpg 300w,https:\/\/aparttatry.pl\/wp-content\/uploads\/2024\/03\/zawrat-26a_6-18-1910x1910.jpg 1910w\" data-ratio=\"1\" data-original-w=\"1920\" sizes=\"(max-width:767px) 100vw,(min-width:768px) and (max-width:1025px) 50vw,647px\" \/>                <\/a>\n            <\/div>\n                <\/figure>\n    <figure class=\"gallery-item aux-hover-active aux-iso-item aux-col \">\n            <div class=\"aux-frame-mask-plain aux-frame-ratio \">\n                <a href=\"https:\/\/aparttatry.pl\/wp-content\/uploads\/2024\/03\/zawrat-26a_6-15.jpg\" class=\"aux-frame-ratio-inner aux-frame-darken aux-lightbox-btn \" data-elementor-open-lightbox=\"no\" data-original-width=\"1920\" data-original-height=\"1279\" data-caption=\"zawrat 26a_6 (15)\">\n                                <div class=\"aux-hover-scale-circle-plus2\">\n                        <span class=\"aux-symbol-plus\"><\/span>\n                        <span class=\"aux-symbol-circle\"><\/span>\n                    <\/div>\n                        <img loading=\"lazy\" decoding=\"async\" width=\"300\" height=\"300\" src=\"https:\/\/aparttatry.pl\/wp-content\/uploads\/2024\/03\/zawrat-26a_6-15-300x300.jpg\" class=\"aux-attachment aux-featured-image attachment-300x300 aux-attachment-id-519 \" alt=\"zawrat 26a_6 (15)\" srcset=\"https:\/\/aparttatry.pl\/wp-content\/uploads\/2024\/03\/zawrat-26a_6-15-150x150.jpg 150w,https:\/\/aparttatry.pl\/wp-content\/uploads\/2024\/03\/zawrat-26a_6-15-300x300.jpg 300w,https:\/\/aparttatry.pl\/wp-content\/uploads\/2024\/03\/zawrat-26a_6-15-768x768.jpg 768w,https:\/\/aparttatry.pl\/wp-content\/uploads\/2024\/03\/zawrat-26a_6-15-1024x1024.jpg 1024w,https:\/\/aparttatry.pl\/wp-content\/uploads\/2024\/03\/zawrat-26a_6-15-300x300.jpg 300w,https:\/\/aparttatry.pl\/wp-content\/uploads\/2024\/03\/zawrat-26a_6-15-1910x1910.jpg 1910w\" data-ratio=\"1\" data-original-w=\"1920\" sizes=\"(max-width:767px) 100vw,(min-width:768px) and (max-width:1025px) 50vw,647px\" \/>                <\/a>\n            <\/div>\n                <\/figure>\n    <figure class=\"gallery-item aux-hover-active aux-iso-item aux-col \">\n            <div class=\"aux-frame-mask-plain aux-frame-ratio \">\n                <a href=\"https:\/\/aparttatry.pl\/wp-content\/uploads\/2024\/03\/zawrat-26a_6-13.jpg\" class=\"aux-frame-ratio-inner aux-frame-darken aux-lightbox-btn \" data-elementor-open-lightbox=\"no\" data-original-width=\"1920\" data-original-height=\"1279\" data-caption=\"zawrat 26a_6 (13)\">\n                                <div class=\"aux-hover-scale-circle-plus2\">\n                        <span class=\"aux-symbol-plus\"><\/span>\n                        <span class=\"aux-symbol-circle\"><\/span>\n                    <\/div>\n                        <img loading=\"lazy\" decoding=\"async\" width=\"300\" height=\"300\" src=\"https:\/\/aparttatry.pl\/wp-content\/uploads\/2024\/03\/zawrat-26a_6-13-300x300.jpg\" class=\"aux-attachment aux-featured-image attachment-300x300 aux-attachment-id-517 \" alt=\"zawrat 26a_6 (13)\" srcset=\"https:\/\/aparttatry.pl\/wp-content\/uploads\/2024\/03\/zawrat-26a_6-13-150x150.jpg 150w,https:\/\/aparttatry.pl\/wp-content\/uploads\/2024\/03\/zawrat-26a_6-13-300x300.jpg 300w,https:\/\/aparttatry.pl\/wp-content\/uploads\/2024\/03\/zawrat-26a_6-13-768x768.jpg 768w,https:\/\/aparttatry.pl\/wp-content\/uploads\/2024\/03\/zawrat-26a_6-13-1024x1024.jpg 1024w,https:\/\/aparttatry.pl\/wp-content\/uploads\/2024\/03\/zawrat-26a_6-13-300x300.jpg 300w,https:\/\/aparttatry.pl\/wp-content\/uploads\/2024\/03\/zawrat-26a_6-13-1910x1910.jpg 1910w\" data-ratio=\"1\" data-original-w=\"1920\" sizes=\"(max-width:767px) 100vw,(min-width:768px) and (max-width:1025px) 50vw,647px\" \/>                <\/a>\n            <\/div>\n                <\/figure>\n    <figure class=\"gallery-item aux-hover-active aux-iso-item aux-col \">\n            <div class=\"aux-frame-mask-plain aux-frame-ratio \">\n                <a href=\"https:\/\/aparttatry.pl\/wp-content\/uploads\/2024\/03\/zawrat-26a_6-16.jpg\" class=\"aux-frame-ratio-inner aux-frame-darken aux-lightbox-btn \" data-elementor-open-lightbox=\"no\" data-original-width=\"1920\" data-original-height=\"1279\" data-caption=\"zawrat 26a_6 (16)\">\n                                <div class=\"aux-hover-scale-circle-plus2\">\n                        <span class=\"aux-symbol-plus\"><\/span>\n                        <span class=\"aux-symbol-circle\"><\/span>\n                    <\/div>\n                        <img loading=\"lazy\" decoding=\"async\" width=\"300\" height=\"300\" src=\"https:\/\/aparttatry.pl\/wp-content\/uploads\/2024\/03\/zawrat-26a_6-16-300x300.jpg\" class=\"aux-attachment aux-featured-image attachment-300x300 aux-attachment-id-520 \" alt=\"zawrat 26a_6 (16)\" srcset=\"https:\/\/aparttatry.pl\/wp-content\/uploads\/2024\/03\/zawrat-26a_6-16-150x150.jpg 150w,https:\/\/aparttatry.pl\/wp-content\/uploads\/2024\/03\/zawrat-26a_6-16-300x300.jpg 300w,https:\/\/aparttatry.pl\/wp-content\/uploads\/2024\/03\/zawrat-26a_6-16-768x768.jpg 768w,https:\/\/aparttatry.pl\/wp-content\/uploads\/2024\/03\/zawrat-26a_6-16-1024x1024.jpg 1024w,https:\/\/aparttatry.pl\/wp-content\/uploads\/2024\/03\/zawrat-26a_6-16-300x300.jpg 300w,https:\/\/aparttatry.pl\/wp-content\/uploads\/2024\/03\/zawrat-26a_6-16-1910x1910.jpg 1910w\" data-ratio=\"1\" data-original-w=\"1920\" sizes=\"(max-width:767px) 100vw,(min-width:768px) and (max-width:1025px) 50vw,647px\" \/>                <\/a>\n            <\/div>\n                <\/figure>\n    <figure class=\"gallery-item aux-hover-active aux-iso-item aux-col \">\n            <div class=\"aux-frame-mask-plain aux-frame-ratio \">\n                <a href=\"https:\/\/aparttatry.pl\/wp-content\/uploads\/2024\/03\/zawrat-26a_6-17.jpg\" class=\"aux-frame-ratio-inner aux-frame-darken aux-lightbox-btn \" data-elementor-open-lightbox=\"no\" data-original-width=\"1920\" data-original-height=\"1279\" data-caption=\"zawrat 26a_6 (17)\">\n                                <div class=\"aux-hover-scale-circle-plus2\">\n                        <span class=\"aux-symbol-plus\"><\/span>\n                        <span class=\"aux-symbol-circle\"><\/span>\n                    <\/div>\n                        <img loading=\"lazy\" decoding=\"async\" width=\"300\" height=\"300\" src=\"https:\/\/aparttatry.pl\/wp-content\/uploads\/2024\/03\/zawrat-26a_6-17-300x300.jpg\" class=\"aux-attachment aux-featured-image attachment-300x300 aux-attachment-id-521 \" alt=\"zawrat 26a_6 (17)\" srcset=\"https:\/\/aparttatry.pl\/wp-content\/uploads\/2024\/03\/zawrat-26a_6-17-150x150.jpg 150w,https:\/\/aparttatry.pl\/wp-content\/uploads\/2024\/03\/zawrat-26a_6-17-300x300.jpg 300w,https:\/\/aparttatry.pl\/wp-content\/uploads\/2024\/03\/zawrat-26a_6-17-768x768.jpg 768w,https:\/\/aparttatry.pl\/wp-content\/uploads\/2024\/03\/zawrat-26a_6-17-1024x1024.jpg 1024w,https:\/\/aparttatry.pl\/wp-content\/uploads\/2024\/03\/zawrat-26a_6-17-300x300.jpg 300w,https:\/\/aparttatry.pl\/wp-content\/uploads\/2024\/03\/zawrat-26a_6-17-1910x1910.jpg 1910w\" data-ratio=\"1\" data-original-w=\"1920\" sizes=\"(max-width:767px) 100vw,(min-width:768px) and (max-width:1025px) 50vw,647px\" \/>                <\/a>\n            <\/div>\n                <\/figure>\n<\/div><\/div><\/section><!-- widget-container --><style>.aux-parent-aueba7ba68 .aux-frame-ratio { padding-bottom:75% }<\/style>\t\t\t\t<\/div>\n\t\t\t\t<\/div>\n\t\t\t\t\t<\/div>\n\t\t<\/div>\n\t\t\t\t\t<\/div>\n\t\t<\/section>\n\t\t\t\t<section class=\"elementor-section elementor-top-section elementor-element elementor-element-9400285 elementor-section-boxed elementor-section-height-default elementor-section-height-default\" data-id=\"9400285\" data-element_type=\"section\" data-e-type=\"section\">\n\t\t\t\t\t\t<div class=\"elementor-container elementor-column-gap-default\">\n\t\t\t\t\t<div class=\"aux-parallax-section elementor-column elementor-col-100 elementor-top-column elementor-element elementor-element-cc14cc0\" data-id=\"cc14cc0\" data-element_type=\"column\" data-e-type=\"column\">\n\t\t\t<div class=\"elementor-widget-wrap elementor-element-populated\">\n\t\t\t\t\t\t<div class=\"elementor-element elementor-element-d216e65 elementor-widget elementor-widget-text-editor\" data-id=\"d216e65\" data-element_type=\"widget\" data-e-type=\"widget\" data-widget_type=\"text-editor.default\">\n\t\t\t\t<div class=\"elementor-widget-container\">\n\t\t\t\t\t\t\t\t\t<p>Serdecznie zapraszamy do przestronnego <strong>Apartamentu Zawrat<\/strong> zlokalizowanego w Osadzie Anta\u0142\u00f3wka &#8211; spokojnej cz\u0119\u015bci urokliwego Zakopanego. Cicha okolica zapewnia wspania\u0142y relaks w\u015br\u00f3d pi\u0119knych krajobraz\u00f3w natury. Okaza\u0142y apartament mo\u017ce go\u015bci\u0107 jednocze\u015bnie 6 os\u00f3b. Jest to idealne miejsce dla wszystkich ceni\u0105cych wysoki standard oraz cisz\u0119 i spok\u00f3j.<\/p><p>Przytulny apartament o powierzchni <strong>50 m2<\/strong> sk\u0142ada si\u0119 z: przestronnego salonu z nowoczesnym telewizorem oraz rozk\u0142adan\u0105 sof\u0105, w pe\u0142ni wyposa\u017conego aneksu kuchennego po\u0142\u0105czonego z cz\u0119\u015bci\u0105 jadalnian\u0105 (st\u00f3\u0142 wraz z krzes\u0142ami), stylowej \u0142azienki z kabin\u0105 prysznicow\u0105 oraz dw\u00f3ch du\u017cych eleganckich sypialni z du\u017cym podw\u00f3jnym \u0142\u00f3\u017ckiem.\u00a0Dla zmotoryzowanych Go\u015bci przed budynkiem przygotowano miejsce parkingowe. Dodatkowym atutem jest mo\u017cliwo\u015b\u0107 zaparkowania samochodu w gara\u017cu podziemnym. Wypoczywaj\u0105cy na czas pobytu maj\u0105 dost\u0119p do prywatnego balkonu, na kt\u00f3rym s\u0105 usytuowane meble do wypoczynku.<\/p><p>Lokalizacja obiektu pozwala na korzystanie z wi\u0119kszo\u015bci atrakcji turystycznych Zakopanego. W okresie zimowym, go\u015bcie bez trudu mog\u0105 dosta\u0107 si\u0119 pod kolejk\u0119 na Kasprowy Wierch. Popularne Termy Zakopia\u0144skie, gdzie mo\u017cna si\u0119 zrelaksowa\u0107 przy pi\u0119knej panoramie Tatr oddalone s\u0105 1,5 km z miejsca zakwaterowania. Najwi\u0119ksze termy na Podhalu &#8211; Termy Chocho\u0142owskie oddalone s\u0105 o 30 minut samochodem. Centrum Zakopanego wraz z popularnymi Krup\u00f3wkami dzieli 12 minut. Bliska odleg\u0142o\u015b\u0107 szlak\u00f3w turystycznych sprawia, \u017ce Apartament jest bardzo dobr\u0105 baz\u0105 wypadow\u0105: mo\u017cna z miejsca zakwaterowania uda\u0107 si\u0119 pieszo na najbardziej popularny szczyt (Giewont), oraz wybra\u0107 si\u0119 spacerem pi\u0119kn\u0105 Drog\u0105 Pod Reglami. W pobli\u017cu Osady Anta\u0142\u00f3wka znajduje si\u0119 wiele restauracji, w kt\u00f3rych mo\u017cna smakowa\u0107 kuchni\u0119 regionaln\u0105.<\/p><p>Go\u015bcie apartamentu mog\u0105 skorzysta\u0107 ze specjalnej oferty przygotowanej przez jedno z biur podr\u00f3\u017cy (wycieczki jednodniowe).<\/p><p>WYPOSA\u017bENIE:<br \/>WI-FI, Balkon, Meble ogrodowe, Ogrzewanie, Czajnik, Aneks kuchenny, Talerze, Sztu\u0107ce, Lod\u00f3wka, Zmywarka, TV, Prysznic, Szampon, Myd\u0142o, R\u0119czniki, Suszarka do w\u0142os\u00f3w, Parking darmowy<\/p>\t\t\t\t\t\t\t\t<\/div>\n\t\t\t\t<\/div>\n\t\t\t\t\t<\/div>\n\t\t<\/div>\n\t\t\t\t\t<\/div>\n\t\t<\/section>\n\t\t\t\t<\/div>\n\t\t","protected":false},"excerpt":{"rendered":"<p>Apartament Zawrat Serdecznie zapraszamy do przestronnego Apartamentu Zawrat zlokalizowanego w Osadzie Anta\u0142\u00f3wka &#8211; spokojnej cz\u0119\u015bci urokliwego Zakopanego. Cicha okolica zapewnia wspania\u0142y relaks w\u015br\u00f3d pi\u0119knych krajobraz\u00f3w natury. Okaza\u0142y apartament mo\u017ce go\u015bci\u0107 jednocze\u015bnie 6 os\u00f3b. Jest to idealne miejsce dla wszystkich ceni\u0105cych wysoki standard oraz cisz\u0119 i spok\u00f3j. Przytulny apartament o powierzchni 50 m2 sk\u0142ada si\u0119 z: [&hellip;]<\/p>\n","protected":false},"author":1,"featured_media":0,"parent":0,"menu_order":0,"comment_status":"closed","ping_status":"closed","template":"","meta":{"footnotes":""},"class_list":["post-664","page","type-page","status-publish","hentry"],"aioseo_notices":[],"_links":{"self":[{"href":"https:\/\/aparttatry.pl\/index.php\/wp-json\/wp\/v2\/pages\/664","targetHints":{"allow":["GET"]}}],"collection":[{"href":"https:\/\/aparttatry.pl\/index.php\/wp-json\/wp\/v2\/pages"}],"about":[{"href":"https:\/\/aparttatry.pl\/index.php\/wp-json\/wp\/v2\/types\/page"}],"author":[{"embeddable":true,"href":"https:\/\/aparttatry.pl\/index.php\/wp-json\/wp\/v2\/users\/1"}],"replies":[{"embeddable":true,"href":"https:\/\/aparttatry.pl\/index.php\/wp-json\/wp\/v2\/comments?post=664"}],"version-history":[{"count":7,"href":"https:\/\/aparttatry.pl\/index.php\/wp-json\/wp\/v2\/pages\/664\/revisions"}],"predecessor-version":[{"id":882,"href":"https:\/\/aparttatry.pl\/index.php\/wp-json\/wp\/v2\/pages\/664\/revisions\/882"}],"wp:attachment":[{"href":"https:\/\/aparttatry.pl\/index.php\/wp-json\/wp\/v2\/media?parent=664"}],"curies":[{"name":"wp","href":"https:\/\/api.w.org\/{rel}","templated":true}]}}